{"id":82,"date":"2025-11-27T16:04:10","date_gmt":"2025-11-27T16:04:10","guid":{"rendered":"https:\/\/termoprocesos.net\/staging\/?page_id=82"},"modified":"2025-12-24T16:49:16","modified_gmt":"2025-12-24T16:49:16","slug":"quienes-somos","status":"publish","type":"page","link":"https:\/\/termoprocesos.net\/staging\/quienes-somos\/","title":{"rendered":"Quienes somos"},"content":{"rendered":"<p>[et_pb_section fb_built=\u00bb1&#8243; fullwidth=\u00bbon\u00bb _builder_version=\u00bb4.27.4&#8243; _module_preset=\u00bbdefault\u00bb hover_transition_duration=\u00bb800ms\u00bb global_colors_info=\u00bb{}\u00bb transform_styles__hover_enabled=\u00bbon|hover\u00bb transform_scale__hover_enabled=\u00bbon|hover\u00bb transform_translate__hover_enabled=\u00bbon|desktop\u00bb transform_rotate__hover_enabled=\u00bbon|desktop\u00bb transform_skew__hover_enabled=\u00bbon|desktop\u00bb transform_origin__hover_enabled=\u00bbon|desktop\u00bb transform_scale__hover=\u00bb105%|105%\u00bb][et_pb_fullwidth_header title=\u00bbCon mas de 25 a\u00f1os en la industria Centroamericana\u00bb _builder_version=\u00bb4.27.4&#8243; _module_preset=\u00bbdefault\u00bb filter_hue_rotate=\u00bb331deg\u00bb filter_saturate=\u00bb70%\u00bb animation_style=\u00bbfold\u00bb hover_enabled=\u00bb0&#8243; global_colors_info=\u00bb{}\u00bb transform_styles__hover_enabled=\u00bbon|hover\u00bb transform_scale__hover_enabled=\u00bbon|hover\u00bb transform_translate__hover_enabled=\u00bbon|desktop\u00bb transform_rotate__hover_enabled=\u00bbon|desktop\u00bb transform_skew__hover_enabled=\u00bbon|desktop\u00bb transform_origin__hover_enabled=\u00bbon|desktop\u00bb transform_scale__hover=\u00bb105%|105%\u00bb sticky_enabled=\u00bb0&#8243;]<\/p>\n<p data-start=\"452\" data-end=\"745\" style=\"text-align: justify;\">Somos una empresa especializada en la manufactura de maquinaria para la industria alimenticia y sistemas t\u00e9rmicos industriales. Dise\u00f1amos y fabricamos equipos a la medida, acompa\u00f1ando a nuestros clientes desde la ingenier\u00eda conceptual hasta la puesta en marcha de sus procesos productivos.<\/p>\n<p data-start=\"747\" data-end=\"1130\">Integramos tecnolog\u00eda alemana de clase mundial con conocimiento t\u00e9cnico local, gracias a alianzas estrat\u00e9gicas que nos permiten ofrecer soluciones confiables, eficientes y duraderas. Nuestra mayor fortaleza es la alta especializaci\u00f3n en sistemas t\u00e9rmicos y protecci\u00f3n antiexplosiva, garantizando equipos robustos, seguros y alineados con los m\u00e1s altos est\u00e1ndares internacionales.<\/p>\n<p>[\/et_pb_fullwidth_header][\/et_pb_section][et_pb_section fb_built=\u00bb1&#8243; fullwidth=\u00bbon\u00bb _builder_version=\u00bb4.27.4&#8243; _module_preset=\u00bbdefault\u00bb background_image=\u00bbhttps:\/\/termoprocesos.net\/staging\/wp-content\/uploads\/2025\/12\/IMG-20121217-00221-scaled.jpg\u00bb parallax=\u00bbon\u00bb custom_padding=\u00bb200px||200px||false|false\u00bb animation_style=\u00bbslide\u00bb global_colors_info=\u00bb{}\u00bb][et_pb_fullwidth_header title=\u00bbNuestra Mision\u00bb _builder_version=\u00bb4.27.4&#8243; _module_preset=\u00bbdefault\u00bb filter_hue_rotate=\u00bb331deg\u00bb filter_saturate=\u00bb70%\u00bb animation_style=\u00bbfold\u00bb hover_transition_duration=\u00bb800ms\u00bb hover_enabled=\u00bb0&#8243; global_colors_info=\u00bb{}\u00bb transform_styles__hover_enabled=\u00bbon|hover\u00bb transform_scale__hover_enabled=\u00bbon|hover\u00bb transform_translate__hover_enabled=\u00bbon|desktop\u00bb transform_rotate__hover_enabled=\u00bbon|desktop\u00bb transform_skew__hover_enabled=\u00bbon|desktop\u00bb transform_origin__hover_enabled=\u00bbon|desktop\u00bb transform_scale__hover=\u00bb105%|105%\u00bb sticky_enabled=\u00bb0&#8243;]<\/p>\n<p style=\"text-align: justify;\"><span>l\u00edderar en Latinoam\u00e9rica en\u00a0 desarrollo e integraci\u00f3n de tecnolog\u00edas para producci\u00f3n de alimentos y procesos t\u00e9rmicos industriales, reconocida por su innovaci\u00f3n, calidad y compromiso. Nos proyectamos como un referente en soluciones accesibles y avanzadas, combinando conocimiento locales como internacionales bajo\u00a0 est\u00e1ndares globales para transformar la industria con tecnolog\u00eda de vanguardia.<\/span><\/p>\n<p>[\/et_pb_fullwidth_header][\/et_pb_section][et_pb_section fb_built=\u00bb1&#8243; fullwidth=\u00bbon\u00bb _builder_version=\u00bb4.27.4&#8243; _module_preset=\u00bbdefault\u00bb global_colors_info=\u00bb{}\u00bb transform_styles__hover_enabled=\u00bbon|hover\u00bb transform_scale__hover_enabled=\u00bbon|hover\u00bb transform_translate__hover_enabled=\u00bbon|desktop\u00bb transform_rotate__hover_enabled=\u00bbon|desktop\u00bb transform_skew__hover_enabled=\u00bbon|desktop\u00bb transform_origin__hover_enabled=\u00bbon|desktop\u00bb transform_scale__hover=\u00bb105%|105%\u00bb][et_pb_fullwidth_header title=\u00bbNuestros Valores \u00bb _builder_version=\u00bb4.27.4&#8243; _module_preset=\u00bbdefault\u00bb filter_hue_rotate=\u00bb331deg\u00bb filter_saturate=\u00bb70%\u00bb animation_style=\u00bbfold\u00bb hover_transition_duration=\u00bb800ms\u00bb hover_enabled=\u00bb0&#8243; global_colors_info=\u00bb{}\u00bb transform_styles__hover_enabled=\u00bbon|hover\u00bb transform_scale__hover_enabled=\u00bbon|hover\u00bb transform_translate__hover_enabled=\u00bbon|desktop\u00bb transform_rotate__hover_enabled=\u00bbon|desktop\u00bb transform_skew__hover_enabled=\u00bbon|desktop\u00bb transform_origin__hover_enabled=\u00bbon|desktop\u00bb transform_scale__hover=\u00bb105%|105%\u00bb sticky_enabled=\u00bb0&#8243;]<\/p>\n<ul>\n<li style=\"text-align: justify;\"><span>Desarrollamos soluciones tecnol\u00f3gicas pr\u00e1cticas y avanzadas, adaptadas a las necesidades reales de nuestros clientes.<\/span><\/li>\n<li><span>Brindamos acompa\u00f1amiento experto en cada etapa del proceso, con un enfoque en seguridad, eficiencia y rendimiento.<\/span><span><\/span><\/li>\n<li><span>Ofrecemos soporte local con est\u00e1ndares internacionales, construyendo relaciones s\u00f3lidas basadas en confianza y resultados.<\/span><span><\/span><\/li>\n<\/ul>\n<p>[\/et_pb_fullwidth_header][\/et_pb_section]<\/p>\n","protected":false},"excerpt":{"rendered":"<p>Somos una empresa especializada en la manufactura de maquinaria para la industria alimenticia y sistemas t\u00e9rmicos industriales. Dise\u00f1amos y fabricamos equipos a la medida, acompa\u00f1ando a nuestros clientes desde la ingenier\u00eda conceptual hasta la puesta en marcha de sus procesos productivos. Integramos tecnolog\u00eda alemana de clase mundial con conocimiento t\u00e9cnico local, gracias a alianzas estrat\u00e9gicas [&hellip;]<\/p>\n","protected":false},"author":1,"featured_media":0,"parent":0,"menu_order":0,"comment_status":"closed","ping_status":"closed","template":"","meta":{"_et_pb_use_builder":"on","_et_pb_old_content":"","_et_gb_content_width":"","footnotes":""},"class_list":["post-82","page","type-page","status-publish","hentry"],"_links":{"self":[{"href":"https:\/\/termoprocesos.net\/staging\/wp-json\/wp\/v2\/pages\/82","targetHints":{"allow":["GET"]}}],"collection":[{"href":"https:\/\/termoprocesos.net\/staging\/wp-json\/wp\/v2\/pages"}],"about":[{"href":"https:\/\/termoprocesos.net\/staging\/wp-json\/wp\/v2\/types\/page"}],"author":[{"embeddable":true,"href":"https:\/\/termoprocesos.net\/staging\/wp-json\/wp\/v2\/users\/1"}],"replies":[{"embeddable":true,"href":"https:\/\/termoprocesos.net\/staging\/wp-json\/wp\/v2\/comments?post=82"}],"version-history":[{"count":26,"href":"https:\/\/termoprocesos.net\/staging\/wp-json\/wp\/v2\/pages\/82\/revisions"}],"predecessor-version":[{"id":475,"href":"https:\/\/termoprocesos.net\/staging\/wp-json\/wp\/v2\/pages\/82\/revisions\/475"}],"wp:attachment":[{"href":"https:\/\/termoprocesos.net\/staging\/wp-json\/wp\/v2\/media?parent=82"}],"curies":[{"name":"wp","href":"https:\/\/api.w.org\/{rel}","templated":true}]}}